{"id":697,"date":"2026-04-02T23:43:04","date_gmt":"2026-04-02T23:43:04","guid":{"rendered":"https:\/\/anphutaynguyen.online\/?page_id=697"},"modified":"2026-04-02T23:43:04","modified_gmt":"2026-04-02T23:43:04","slug":"lien-he","status":"publish","type":"page","link":"https:\/\/anphutaynguyen.online\/en\/lien-he\/","title":{"rendered":"Li\u00ean H\u1ec7"},"content":{"rendered":"<section class=\"section\" id=\"section_1612478790\">\n\t\t<div class=\"section-bg fill\" >\n\t\t\t\t\t\t\t\t\t\n\t\t\t\n\n\t\t<\/div>\n\n\t\t\n\n\t\t<div class=\"section-content relative\">\n\t\t\t\n\t<div id=\"text-3959034293\" class=\"text\">\n\t\t\n<h1 class=\"uppercase\">Li\u00ean H\u1ec7<\/h1>\n<h3 class=\"thin-font\">H\u00e3y li\u00ean h\u1ec7 v\u1edbi \u0111\u1ed9i ng\u0169 c\u1ee7a ch\u00fang t\u00f4i. Ch\u00fang t\u00f4i lu\u00f4n s\u1eb5n s\u00e0ng h\u1ed7 tr\u1ee3 b\u1ea1n \u0111\u00e1p \u1ee9ng m\u1ecdi nhu c\u1ea7u v\u1ec1 pallet.<\/h3>\n\t\t\n<style>\n#text-3959034293 {\n  font-size: 1rem;\n  text-align: center;\n}\n<\/style>\n\t<\/div>\n\t\n<div class=\"text-center\"><div class=\"is-divider divider clearfix\" style=\"max-width:200px;background-color:rgb(139, 69, 19);\"><\/div><\/div>\n<div class=\"row align-middle\"  id=\"row-608346734\">\n\n\t<div id=\"col-192117879\" class=\"col medium-6 small-12 large-6\"  >\n\t\t\t\t<div class=\"col-inner\"  >\n\t\t\t\n\t\t\t\n<p style=\"margin-bottom: 0.5em;\"><i class=\"fa fa-phone\"><\/i> \u0110i\u1ec7n tho\u1ea1i: <a class=\"tooltip tooltipstered\" href=\"tel:0768.59.3333\">0768 59 3333<\/a><\/p>\n<p style=\"margin-bottom: 0.5em;\"><i class=\"fa fa-envelope\"><\/i> Email: anphutaynguyen@gmail.com<\/p>\n<p style=\"margin-bottom: 0.5em;\"><i class=\"fa fa-location-dot\"><\/i> \u0110\u1ecba ch\u1ec9: L\u00e0ng Nhao , X\u00e3 Ia K\u00eanh, Th\u00e0nh ph\u1ed1 Pleiku, T\u1ec9nh Gia Lai, Vi\u1ec7t Nam<\/p>\n\t\t<\/div>\n\t\t\t\t\t<\/div>\n\n\t\n\n\t<div id=\"col-11076863\" class=\"col medium-6 small-12 large-6\"  >\n\t\t\t\t<div class=\"col-inner\"  >\n\t\t\t\n\t\t\t\n\n<p><iframe style=\"border: 0;\" src=\"https:\/\/www.google.com\/maps?q=13.926435,108.000863&amp;z=16&amp;t=k&amp;output=embed\" width=\"100%\" height=\"250\" allowfullscreen=\"allowfullscreen\" data-mce-fragment=\"1\"><br \/>\n<\/iframe><br \/>\n\n\t\t<\/div>\n\t\t\t\t\t<\/div>\n\n\t\n<\/div>\n\t\t<\/div>\n\n\t\t\n<style>\n#section_1612478790 {\n  padding-top: 30px;\n  padding-bottom: 30px;\n  background-color: rgb(248, 249, 250);\n}\n<\/style>\n\t<\/section>\n\t\n<div class=\"row\"  id=\"row-1781465182\">\n\n\t<div id=\"col-1258619889\" class=\"col medium-6 large-6\"  >\n\t\t\t\t<div class=\"col-inner\"  >\n\t\t\t\n\t\t\t\n<div class=\"container section-title-container\" ><h3 class=\"section-title section-title-normal\"><b aria-hidden=\"true\"><\/b><span class=\"section-title-main\" >C\u00e2u h\u1ecfi th\u01b0\u1eddng g\u1eb7p<\/span><b aria-hidden=\"true\"><\/b><\/h3><\/div>\n<p class=\"lead\">Vui l\u00f2ng \u0111\u1ecdc ph\u1ea7n C\u00e2u h\u1ecfi th\u01b0\u1eddng g\u1eb7p tr\u01b0\u1edbc khi g\u1eedi tin nh\u1eafn cho ch\u00fang t\u00f4i.<\/p>\n<div class=\"accordion\">\n\t<div id=\"accordion-731658515\" class=\"accordion-item\">\n\t\t<a id=\"accordion-731658515-label\" class=\"accordion-title plain\" href=\"#accordion-item-ph\u00ed-v\u1eadn-chuy\u1ec3n-cho-c\u00e1c-\u0111\u01a1n-h\u00e0ng-t\u1eeb-c\u1eeda-h\u00e0ng-tr\u1ef1c-tuy\u1ebfn-l\u00e0-bao-nhi\u00eau?\" aria-expanded=\"false\" aria-controls=\"accordion-731658515-content\">\n\t\t\t<button class=\"toggle\" aria-label=\"Toggle\"><i class=\"icon-angle-down\" aria-hidden=\"true\"><\/i><\/button>\n\t\t\t<span>Ph\u00ed v\u1eadn chuy\u1ec3n cho c\u00e1c \u0111\u01a1n h\u00e0ng t\u1eeb c\u1eeda h\u00e0ng tr\u1ef1c tuy\u1ebfn l\u00e0 bao nhi\u00eau?<\/span>\n\t\t<\/a>\n\t\t<div id=\"accordion-731658515-content\" class=\"accordion-inner\" aria-labelledby=\"accordion-731658515-label\">\n\t\t\t\n<p>Lorem ipsum dolor sit amet, consectetur adipiscing elit. Aenean id convallis tellus. Nulla aliquam in mi et convallis. Pellentesque rutrum feugiat ante ut imperdiet. Vivamus et dolor nec nisl consectetur vulputate id non ante.<\/p>\n\t\t<\/div>\n\t<\/div>\n\t\n\t<div id=\"accordion-973586924\" class=\"accordion-item\">\n\t\t<a id=\"accordion-973586924-label\" class=\"accordion-title plain\" href=\"#accordion-item-c\u1eeda-h\u00e0ng-tr\u1ef1c-tuy\u1ebfn-ch\u1ea5p-nh\u1eadn-nh\u1eefng-ph\u01b0\u01a1ng-th\u1ee9c-thanh-to\u00e1n-n\u00e0o?\" aria-expanded=\"false\" aria-controls=\"accordion-973586924-content\">\n\t\t\t<button class=\"toggle\" aria-label=\"Toggle\"><i class=\"icon-angle-down\" aria-hidden=\"true\"><\/i><\/button>\n\t\t\t<span>C\u1eeda h\u00e0ng tr\u1ef1c tuy\u1ebfn ch\u1ea5p nh\u1eadn nh\u1eefng ph\u01b0\u01a1ng th\u1ee9c thanh to\u00e1n n\u00e0o?<\/span>\n\t\t<\/a>\n\t\t<div id=\"accordion-973586924-content\" class=\"accordion-inner\" aria-labelledby=\"accordion-973586924-label\">\n\t\t\t\n<p>Lorem ipsum dolor sit amet, consectetur adipiscing elit. Aenean id convallis tellus. Nulla aliquam in mi et convallis. Pellentesque rutrum feugiat ante ut imperdiet. Vivamus et dolor nec nisl consectetur vulputate id non ante.<\/p>\n\t\t<\/div>\n\t<\/div>\n\t\n\t<div id=\"accordion-2378556072\" class=\"accordion-item\">\n\t\t<a id=\"accordion-2378556072-label\" class=\"accordion-title plain\" href=\"#accordion-item-th\u1eddi-gian-giao-h\u00e0ng-l\u00e0-bao-l\u00e2u?\" aria-expanded=\"false\" aria-controls=\"accordion-2378556072-content\">\n\t\t\t<button class=\"toggle\" aria-label=\"Toggle\"><i class=\"icon-angle-down\" aria-hidden=\"true\"><\/i><\/button>\n\t\t\t<span>Th\u1eddi gian giao h\u00e0ng l\u00e0 bao l\u00e2u?<\/span>\n\t\t<\/a>\n\t\t<div id=\"accordion-2378556072-content\" class=\"accordion-inner\" aria-labelledby=\"accordion-2378556072-label\">\n\t\t\t\n<p>Lorem ipsum dolor sit amet, consectetur adipiscing elit. Aenean id convallis tellus. Nulla aliquam in mi et convallis. Pellentesque rutrum feugiat ante ut imperdiet. Vivamus et dolor nec nisl consectetur vulputate id non ante.<\/p>\n\t\t<\/div>\n\t<\/div>\n\t\n\t<div id=\"accordion-3845188682\" class=\"accordion-item\">\n\t\t<a id=\"accordion-3845188682-label\" class=\"accordion-title plain\" href=\"#accordion-item-vi\u1ec7c-mua-s\u1eafm-tr\u00ean-c\u1eeda-h\u00e0ng-tr\u1ef1c-tuy\u1ebfn-an-to\u00e0n-\u0111\u1ebfn-m\u1ee9c-n\u00e0o?-d\u1eef-li\u1ec7u-c\u1ee7a-t\u00f4i-c\u00f3-\u0111\u01b0\u1ee3c-b\u1ea3o-v\u1ec7-kh\u00f4ng?\" aria-expanded=\"false\" aria-controls=\"accordion-3845188682-content\">\n\t\t\t<button class=\"toggle\" aria-label=\"Toggle\"><i class=\"icon-angle-down\" aria-hidden=\"true\"><\/i><\/button>\n\t\t\t<span>Vi\u1ec7c mua s\u1eafm tr\u00ean c\u1eeda h\u00e0ng tr\u1ef1c tuy\u1ebfn an to\u00e0n \u0111\u1ebfn m\u1ee9c n\u00e0o? D\u1eef li\u1ec7u c\u1ee7a t\u00f4i c\u00f3 \u0111\u01b0\u1ee3c b\u1ea3o v\u1ec7 kh\u00f4ng?<\/span>\n\t\t<\/a>\n\t\t<div id=\"accordion-3845188682-content\" class=\"accordion-inner\" aria-labelledby=\"accordion-3845188682-label\">\n\t\t\t\n<p>Lorem ipsum dolor sit amet, consectetur adipiscing elit. Aenean id convallis tellus. Nulla aliquam in mi et convallis. Pellentesque rutrum feugiat ante ut imperdiet. Vivamus et dolor nec nisl consectetur vulputate id non ante.<\/p>\n\t\t<\/div>\n\t<\/div>\n\t\n\t<div id=\"accordion-1778091444\" class=\"accordion-item\">\n\t\t<a id=\"accordion-1778091444-label\" class=\"accordion-title plain\" href=\"#accordion-item-\u0110i\u1ec1u-g\u00ec-s\u1ebd-x\u1ea3y-ra-sau-khi-\u0111\u1eb7t-h\u00e0ng?\" aria-expanded=\"false\" aria-controls=\"accordion-1778091444-content\">\n\t\t\t<button class=\"toggle\" aria-label=\"Toggle\"><i class=\"icon-angle-down\" aria-hidden=\"true\"><\/i><\/button>\n\t\t\t<span>\u0110i\u1ec1u g\u00ec s\u1ebd x\u1ea3y ra sau khi \u0111\u1eb7t h\u00e0ng?<\/span>\n\t\t<\/a>\n\t\t<div id=\"accordion-1778091444-content\" class=\"accordion-inner\" aria-labelledby=\"accordion-1778091444-label\">\n\t\t\t\n<p>Lorem ipsum dolor sit amet, consectetur adipiscing elit. Aenean id convallis tellus. Nulla aliquam in mi et convallis. Pellentesque rutrum feugiat ante ut imperdiet. Vivamus et dolor nec nisl consectetur vulputate id non ante.<\/p>\n\t\t<\/div>\n\t<\/div>\n\t\n\t<div id=\"accordion-103855695\" class=\"accordion-item\">\n\t\t<a id=\"accordion-103855695-label\" class=\"accordion-title plain\" href=\"#accordion-item-t\u00f4i-c\u00f3-nh\u1eadn-\u0111\u01b0\u1ee3c-h\u00f3a-\u0111\u01a1n-cho-\u0111\u01a1n-h\u00e0ng-c\u1ee7a-m\u00ecnh-kh\u00f4ng?\" aria-expanded=\"false\" aria-controls=\"accordion-103855695-content\">\n\t\t\t<button class=\"toggle\" aria-label=\"Toggle\"><i class=\"icon-angle-down\" aria-hidden=\"true\"><\/i><\/button>\n\t\t\t<span>T\u00f4i c\u00f3 nh\u1eadn \u0111\u01b0\u1ee3c h\u00f3a \u0111\u01a1n cho \u0111\u01a1n h\u00e0ng c\u1ee7a m\u00ecnh kh\u00f4ng?<\/span>\n\t\t<\/a>\n\t\t<div id=\"accordion-103855695-content\" class=\"accordion-inner\" aria-labelledby=\"accordion-103855695-label\">\n\t\t\t\n<p>Lorem ipsum dolor sit amet, consectetur adipiscing elit. Aenean id convallis tellus. Nulla aliquam in mi et convallis. Pellentesque rutrum feugiat ante ut imperdiet. Vivamus et dolor nec nisl consectetur vulputate id non ante.<\/p>\n\t\t<\/div>\n\t<\/div>\n\t\n<\/div>\n\t\t<\/div>\n\t\t\t\t\t<\/div>\n\n\t\n\n\t<div id=\"col-1673004072\" class=\"col medium-6 large-6\"  >\n\t\t\t\t<div class=\"col-inner\"  >\n\t\t\t\n\t\t\t\n<div class=\"container section-title-container\" ><h3 class=\"section-title section-title-normal\"><b aria-hidden=\"true\"><\/b><span class=\"section-title-main\" >G\u1eedi tin nh\u1eafn cho ch\u00fang t\u00f4i<\/span><b aria-hidden=\"true\"><\/b><\/h3><\/div>\n<p class=\"lead\">\u0110i\u1ec1n v\u00e0o bi\u1ec3u m\u1eabu b\u00ean d\u01b0\u1edbi v\u00e0 ch\u00fang t\u00f4i s\u1ebd li\u00ean h\u1ec7 l\u1ea1i v\u1edbi b\u1ea1n s\u1edbm nh\u1ea5t c\u00f3 th\u1ec3.<\/p>\n\n<div class=\"wpcf7 no-js\" id=\"wpcf7-f6-o1\" lang=\"vi\" dir=\"ltr\" data-wpcf7-id=\"6\">\n<div class=\"screen-reader-response\"><p role=\"status\" aria-live=\"polite\" aria-atomic=\"true\"><\/p> <ul><\/ul><\/div>\n<form action=\"\/en\/wp-json\/wp\/v2\/pages\/697#wpcf7-f6-o1\" method=\"post\" class=\"wpcf7-form init\" aria-label=\"Form li\u00ean h\u1ec7\" novalidate=\"novalidate\" data-status=\"init\" data-trp-original-action=\"\/en\/wp-json\/wp\/v2\/pages\/697#wpcf7-f6-o1\">\n<fieldset class=\"hidden-fields-container\"><input type=\"hidden\" name=\"_wpcf7\" value=\"6\" \/><input type=\"hidden\" name=\"_wpcf7_version\" value=\"6.1.5\" \/><input type=\"hidden\" name=\"_wpcf7_locale\" value=\"vi\" \/><input type=\"hidden\" name=\"_wpcf7_unit_tag\" value=\"wpcf7-f6-o1\" \/><input type=\"hidden\" name=\"_wpcf7_container_post\" value=\"0\" \/><input type=\"hidden\" name=\"_wpcf7_posted_data_hash\" value=\"\" \/>\n<\/fieldset>\n<span class=\"wpcf7-form-control-wrap\" data-name=\"your-name\"><input size=\"40\" maxlength=\"400\" class=\"wpcf7-form-control wpcf7-text wpcf7-validates-as-required\" aria-required=\"true\" aria-invalid=\"false\" placeholder=\"T\u00ean\" value=\"\" type=\"text\" name=\"your-name\" \/><\/span>\n<span class=\"wpcf7-form-control-wrap\" data-name=\"your-email\"><input size=\"40\" maxlength=\"400\" class=\"wpcf7-form-control wpcf7-email wpcf7-validates-as-required wpcf7-text wpcf7-validates-as-email\" aria-required=\"true\" aria-invalid=\"false\" placeholder=\"Email\" value=\"\" type=\"email\" name=\"your-email\" \/><\/span>\n<span class=\"wpcf7-form-control-wrap\" data-name=\"your-phone\"><input size=\"40\" maxlength=\"400\" class=\"wpcf7-form-control wpcf7-tel wpcf7-text wpcf7-validates-as-tel\" aria-invalid=\"false\" placeholder=\"\u0110i\u1ec7n Tho\u1ea1i\" value=\"\" type=\"tel\" name=\"your-phone\" \/><\/span>\n<span class=\"wpcf7-form-control-wrap\" data-name=\"your-message\"><textarea cols=\"40\" rows=\"10\" maxlength=\"2000\" class=\"wpcf7-form-control wpcf7-textarea\" aria-invalid=\"false\" placeholder=\"H\u00e3y cho ch\u00fang t\u00f4i bi\u1ebft nhu c\u1ea7u v\u1ec1 pallet c\u1ee7a b\u1ea1n...\" name=\"your-message\"><\/textarea><\/span>\n\n<input class=\"wpcf7-form-control wpcf7-submit has-spinner\" type=\"submit\" value=\"Li\u00ean H\u1ec7\" \/><div class=\"wpcf7-response-output\" aria-hidden=\"true\"><\/div>\n<input type=\"hidden\" name=\"trp-form-language\" value=\"en\"\/><\/form>\n<\/div>\n\n\t\t<\/div>\n\t\t\t\t\t<\/div>\n\n\t\n<\/div>","protected":false},"excerpt":{"rendered":"","protected":false},"author":1,"featured_media":0,"parent":0,"menu_order":0,"comment_status":"closed","ping_status":"closed","template":"","meta":{"footnotes":""},"class_list":["post-697","page","type-page","status-publish","hentry"],"jetpack_sharing_enabled":true,"_links":{"self":[{"href":"https:\/\/anphutaynguyen.online\/en\/wp-json\/wp\/v2\/pages\/697","targetHints":{"allow":["GET"]}}],"collection":[{"href":"https:\/\/anphutaynguyen.online\/en\/wp-json\/wp\/v2\/pages"}],"about":[{"href":"https:\/\/anphutaynguyen.online\/en\/wp-json\/wp\/v2\/types\/page"}],"author":[{"embeddable":true,"href":"https:\/\/anphutaynguyen.online\/en\/wp-json\/wp\/v2\/users\/1"}],"replies":[{"embeddable":true,"href":"https:\/\/anphutaynguyen.online\/en\/wp-json\/wp\/v2\/comments?post=697"}],"version-history":[{"count":2,"href":"https:\/\/anphutaynguyen.online\/en\/wp-json\/wp\/v2\/pages\/697\/revisions"}],"predecessor-version":[{"id":699,"href":"https:\/\/anphutaynguyen.online\/en\/wp-json\/wp\/v2\/pages\/697\/revisions\/699"}],"wp:attachment":[{"href":"https:\/\/anphutaynguyen.online\/en\/wp-json\/wp\/v2\/media?parent=697"}],"curies":[{"name":"wp","href":"https:\/\/api.w.org\/{rel}","templated":true}]}}