{"id":84,"date":"2013-08-11T19:06:15","date_gmt":"2013-08-11T19:06:15","guid":{"rendered":"http:\/\/localhost:8888\/test\/?page_id=520"},"modified":"2026-04-02T17:41:42","modified_gmt":"2026-04-02T17:41:42","slug":"about","status":"publish","type":"page","link":"https:\/\/anphutaynguyen.online\/en\/elements\/pages\/about\/","title":{"rendered":"About"},"content":{"rendered":"<div class=\"banner has-hover has-parallax\" id=\"banner-1017702659\">\n          <div class=\"banner-inner fill\">\n        <div class=\"banner-bg fill\" data-parallax=\"-3\" data-parallax-container=\".banner\" data-parallax-background>\n            <img decoding=\"async\" width=\"1000\" height=\"650\" src=\"https:\/\/anphutaynguyen.online\/wp-content\/uploads\/2016\/08\/dummy-2.jpg\" class=\"bg attachment-large size-large\" alt=\"\" \/>                        <div class=\"overlay\"><\/div>            \n                    <\/div>\n\t\t\n        <div class=\"banner-layers container\">\n            <div class=\"fill banner-link\"><\/div>            \n   <div id=\"text-box-564586868\" class=\"text-box banner-layer x50 md-x50 lg-x50 y80 md-y80 lg-y80 res-text\">\n                                <div class=\"text-box-content text dark\">\n              \n              <div class=\"text-inner text-center\">\n                  \n<h1 class=\"lead\">An Ph\u00fa T\u00e2y Nguy\u00ean<\/h1>\n<p class=\"lead\">D\u1eabn \u0111\u1ea7u ng\u00e0nh c\u00f4ng nghi\u1ec7p s\u1ea3n xu\u1ea5t pallet g\u1ed7 v\u1edbi ch\u1ea5t l\u01b0\u1ee3ng, s\u1ef1 \u0111\u1ed5i m\u1edbi v\u00e0 \u0111\u1ed9 tin c\u1eady k\u1ec3 t\u1eeb n\u0103m 2021.<\/p>\n              <\/div>\n           <\/div>\n                            \n<style>\n#text-box-564586868 {\n  width: 60%;\n}\n#text-box-564586868 .text-box-content {\n  font-size: 100%;\n}\n<\/style>\n    <\/div>\n \n        <\/div>\n      <\/div>\n\n            \n<style>\n#banner-1017702659 {\n  padding-top: 507px;\n}\n#banner-1017702659 .overlay {\n  background-color: rgba(0, 0, 0, 0.49);\n}\n<\/style>\n  <\/div>\n\n\n\n\t<section class=\"section\" id=\"section_2096935840\">\n\t\t<div class=\"section-bg fill\" >\n\t\t\t\t\t\t\t\t\t\n\t\t\t\n\n\t\t<\/div>\n\n\t\t\n\n\t\t<div class=\"section-content relative\">\n\t\t\t\n<div class=\"row\"  id=\"row-1055866717\">\n\n\t<div id=\"col-152088252\" class=\"col medium-6 small-12 large-6\"  >\n\t\t\t\t<div class=\"col-inner\"  >\n\t\t\t\n\t\t\t\n<h3>V\u1ec1 ch\u00fang t\u00f4i<\/h3>\n<p>\u0110\u01b0\u1ee3c th\u00e0nh l\u1eadp v\u00e0o n\u0103m 2021, An Ph\u00fa T\u00e2y Nguy\u00ean \u0111\u00e3 ph\u00e1t tri\u1ec3n t\u1eeb m\u1ed9t doanh nghi\u1ec7p nh\u1ecf \u0111\u1ecba ph\u01b0\u01a1ng tr\u1edf th\u00e0nh m\u1ed9t trong nh\u1eefng nh\u00e0 cung c\u1ea5p pallet g\u1ed7 \u0111\u00e1ng tin c\u1eady nh\u1ea5t T\u00e2y Nguy\u00ean. Cam k\u1ebft v\u1ec1 ch\u1ea5t l\u01b0\u1ee3ng, d\u1ecbch v\u1ee5 kh\u00e1ch h\u00e0ng v\u00e0 s\u1ef1 \u0111\u1ed5i m\u1edbi l\u00e0 n\u1ec1n t\u1ea3ng th\u00e0nh c\u00f4ng c\u1ee7a ch\u00fang t\u00f4i.<\/p>\n<p>Ng\u00e0y nay, ch\u00fang t\u00f4i v\u1eadn h\u00e0nh m\u1ed9t nh\u00e0 m\u00e1y s\u1ea3n xu\u1ea5t hi\u1ec7n \u0111\u1ea1i r\u1ed9ng 200.000 m\u00e9t vu\u00f4ng, c\u00f3 kh\u1ea3 n\u0103ng s\u1ea3n xu\u1ea5t h\u01a1n 50.000 pallet m\u1ed7i th\u00e1ng. \u0110\u1ed9i ng\u0169 th\u1ee3 th\u1ee7 c\u00f4ng gi\u00e0u kinh nghi\u1ec7m v\u00e0 c\u00e1c chuy\u00ean gia ki\u1ec3m so\u00e1t ch\u1ea5t l\u01b0\u1ee3ng c\u1ee7a ch\u00fang t\u00f4i \u0111\u1ea3m b\u1ea3o r\u1eb1ng m\u1ed7i pallet \u0111\u1ec1u \u0111\u00e1p \u1ee9ng c\u00e1c ti\u00eau chu\u1ea9n cao nh\u1ea5t v\u1ec1 \u0111\u1ed9 b\u1ec1n v\u00e0 hi\u1ec7u su\u1ea5t.<\/p>\n<p>Ch\u00fang t\u00f4i ph\u1ee5c v\u1ee5 nhi\u1ec1u ng\u00e0nh c\u00f4ng nghi\u1ec7p kh\u00e1c nhau, bao g\u1ed3m kho b\u00e3i, ph\u00e2n ph\u1ed1i, s\u1ea3n xu\u1ea5t, b\u00e1n l\u1ebb v\u00e0 v\u1eadn chuy\u1ec3n trong n\u01b0\u1edbc v\u00e0 qu\u1ed1c t\u1ebf. Cho d\u00f9 b\u1ea1n c\u1ea7n pallet ti\u00eau chu\u1ea9n hay c\u00e1c gi\u1ea3i ph\u00e1p t\u00f9y ch\u1ec9nh, ch\u00fang t\u00f4i \u0111\u1ec1u c\u00f3 chuy\u00ean m\u00f4n v\u00e0 n\u0103ng l\u1ef1c \u0111\u1ec3 \u0111\u00e1p \u1ee9ng y\u00eau c\u1ea7u c\u1ee7a b\u1ea1n.<\/p>\n\t\t<\/div>\n\t\t\t\t\t<\/div>\n\n\t\n\n\t<div id=\"col-1080812061\" class=\"col medium-6 small-12 large-6\"  >\n\t\t\t\t<div class=\"col-inner\"  >\n\t\t\t\n\t\t\t\n\t<div class=\"img has-hover x md-x lg-x y md-y lg-y\" id=\"image_1350628514\">\n\t\t\t\t\t\t\t\t<div class=\"img-inner dark\" >\n\t\t\t<img decoding=\"async\" width=\"1020\" height=\"680\" src=\"https:\/\/anphutaynguyen.online\/wp-content\/uploads\/2026\/03\/about-home-1200x800.jpg\" class=\"attachment-large size-large\" alt=\"\" srcset=\"https:\/\/anphutaynguyen.online\/wp-content\/uploads\/2026\/03\/about-home-1200x800.jpg 1200w, https:\/\/anphutaynguyen.online\/wp-content\/uploads\/2026\/03\/about-home-600x400.jpg 600w, https:\/\/anphutaynguyen.online\/wp-content\/uploads\/2026\/03\/about-home-768x512.jpg 768w, https:\/\/anphutaynguyen.online\/wp-content\/uploads\/2026\/03\/about-home-1536x1024.jpg 1536w, https:\/\/anphutaynguyen.online\/wp-content\/uploads\/2026\/03\/about-home-2048x1365.jpg 2048w, https:\/\/anphutaynguyen.online\/wp-content\/uploads\/2026\/03\/about-home-18x12.jpg 18w, https:\/\/anphutaynguyen.online\/wp-content\/uploads\/2026\/03\/about-home-510x340.jpg 510w\" sizes=\"(max-width: 1020px) 100vw, 1020px\" \/>\t\t\t\t\t\t\n\t\t\t\t\t<\/div>\n\t\t\t\t\t\t\t\t\n<style>\n#image_1350628514 {\n  width: 100%;\n}\n<\/style>\n\t<\/div>\n\t\n\t\t<\/div>\n\t\t\t\t\t<\/div>\n\n\t\n<\/div>\n\t\t<\/div>\n\n\t\t\n<style>\n#section_2096935840 {\n  padding-top: 30px;\n  padding-bottom: 30px;\n}\n<\/style>\n\t<\/section>\n\t\n\n\t<section class=\"section\" id=\"section_34010953\">\n\t\t<div class=\"section-bg fill\" >\n\t\t\t\t\t\t\t\t\t\n\t\t\t\n\n\t\t<\/div>\n\n\t\t\n\n\t\t<div class=\"section-content relative\">\n\t\t\t\n<div class=\"row\"  id=\"row-1059455\">\n\n\t<div id=\"col-1148657409\" class=\"col small-12 large-12\"  >\n\t\t\t\t<div class=\"col-inner\"  >\n\t\t\t\n\t\t\t\n<div class=\"text-center\"><div class=\"is-divider divider clearfix\" ><\/div><\/div>\n<div class=\"container section-title-container\" ><h3 class=\"section-title section-title-center\"><b aria-hidden=\"true\"><\/b><span class=\"section-title-main\" >Danh s\u00e1ch th\u00e0nh vi\u00ean<\/span><b aria-hidden=\"true\"><\/b><\/h3><\/div>\n\t\t<\/div>\n\t\t\t\t\t<\/div>\n\n\t\n\n\t<div id=\"col-825930154\" class=\"col medium-3 small-12 large-3\"  >\n\t\t\t\t<div class=\"col-inner\"  >\n\t\t\t\n\t\t\t\n    <div class=\"box has-hover has-hover box-text-bottom\" >\n\n                  <div class=\"box-image\" style=\"width:80%;\">\n           <div class=\"box-image-inner image-cover\" style=\"border-radius:100%;padding-top:100%;\">\n              <img decoding=\"async\" width=\"740\" height=\"740\" src=\"https:\/\/anphutaynguyen.online\/wp-content\/uploads\/2026\/04\/professional-business-man-avatar-vector-illustration-isolated-white-background_1322553-77222.avif\" class=\"attachment- size-\" alt=\"\" \/>                         <\/div>\n          <\/div>\n         \n          <div class=\"box-text text-center\" >\n                <div class=\"box-text-inner\">\n                  <h4 class=\"uppercase\">\n                    <span class=\"person-name\">Nguy\u1ec5n V\u01b0\u01a1ng Long B\u1ea3o<\/span><br\/>\n                    <span class=\"person-title is-small thin-font op-7\">\n                      CEO \/ Founder                    <\/span>\n                  <\/h4>\n\t\t\t\t\t<div class=\"social-icons follow-icons\" ><a href=\"#\" target=\"_blank\" data-label=\"Facebook\" class=\"icon button circle is-outline tooltip facebook\" title=\"Follow on Facebook\" aria-label=\"Follow on Facebook\" rel=\"noopener nofollow\"><i class=\"icon-facebook\" aria-hidden=\"true\"><\/i><\/a><a href=\"#\" data-label=\"Twitter\" target=\"_blank\" class=\"icon button circle is-outline tooltip twitter\" title=\"Follow on Twitter\" aria-label=\"Follow on Twitter\" rel=\"noopener nofollow\"><i class=\"icon-twitter\" aria-hidden=\"true\"><\/i><\/a><a href=\"mailto:#\" data-label=\"E-mail\" target=\"_blank\" class=\"icon button circle is-outline tooltip email\" title=\"Send us an email\" aria-label=\"Send us an email\" rel=\"nofollow noopener\"><i class=\"icon-envelop\" aria-hidden=\"true\"><\/i><\/a><a href=\"#\" data-label=\"Pinterest\" target=\"_blank\" class=\"icon button circle is-outline tooltip pinterest\" title=\"Follow on Pinterest\" aria-label=\"Follow on Pinterest\" rel=\"noopener nofollow\"><i class=\"icon-pinterest\" aria-hidden=\"true\"><\/i><\/a><a href=\"#\" data-label=\"LinkedIn\" target=\"_blank\" class=\"icon button circle is-outline tooltip linkedin\" title=\"Follow on LinkedIn\" aria-label=\"Follow on LinkedIn\" rel=\"noopener nofollow\"><i class=\"icon-linkedin\" aria-hidden=\"true\"><\/i><\/a><\/div>\n<p>Lorem ipsum dolor sit amet, consectetuer adipiscing elit, sed diam nonummy.<\/p>\n                <\/div>\n          <\/div>\n    <\/div>\n\n\t\n    \n\t\t<\/div>\n\t\t\t\t\t<\/div>\n\n\t\n\n\t<div id=\"col-1260282720\" class=\"col medium-3 small-12 large-3\"  >\n\t\t\t\t<div class=\"col-inner\"  >\n\t\t\t\n\t\t\t\n    <div class=\"box has-hover has-hover box-text-bottom\" >\n\n                  <div class=\"box-image\" style=\"width:80%;\">\n           <div class=\"box-image-inner image-cover\" style=\"border-radius:100%;padding-top:100%;\">\n              <img decoding=\"async\" width=\"360\" height=\"360\" src=\"https:\/\/anphutaynguyen.online\/wp-content\/uploads\/2026\/04\/360_F_643686558_Efl6HB1ITw98bx1PdAd1wy56QpUTMh47.jpg\" class=\"attachment- size-\" alt=\"\" srcset=\"https:\/\/anphutaynguyen.online\/wp-content\/uploads\/2026\/04\/360_F_643686558_Efl6HB1ITw98bx1PdAd1wy56QpUTMh47.jpg 360w, https:\/\/anphutaynguyen.online\/wp-content\/uploads\/2026\/04\/360_F_643686558_Efl6HB1ITw98bx1PdAd1wy56QpUTMh47-280x280.jpg 280w, https:\/\/anphutaynguyen.online\/wp-content\/uploads\/2026\/04\/360_F_643686558_Efl6HB1ITw98bx1PdAd1wy56QpUTMh47-12x12.jpg 12w, https:\/\/anphutaynguyen.online\/wp-content\/uploads\/2026\/04\/360_F_643686558_Efl6HB1ITw98bx1PdAd1wy56QpUTMh47-100x100.jpg 100w\" sizes=\"(max-width: 360px) 100vw, 360px\" \/>                         <\/div>\n          <\/div>\n         \n          <div class=\"box-text text-center\" >\n                <div class=\"box-text-inner\">\n                  <h4 class=\"uppercase\">\n                    <span class=\"person-name\">Tr\u1ea7n Th\u1ecb B<\/span><br\/>\n                    <span class=\"person-title is-small thin-font op-7\">\n                      Marketing Director                    <\/span>\n                  <\/h4>\n\t\t\t\t\t<div class=\"social-icons follow-icons\" ><a href=\"#\" target=\"_blank\" data-label=\"Facebook\" class=\"icon button circle is-outline tooltip facebook\" title=\"Follow on Facebook\" aria-label=\"Follow on Facebook\" rel=\"noopener nofollow\"><i class=\"icon-facebook\" aria-hidden=\"true\"><\/i><\/a><a href=\"#\" data-label=\"Twitter\" target=\"_blank\" class=\"icon button circle is-outline tooltip twitter\" title=\"Follow on Twitter\" aria-label=\"Follow on Twitter\" rel=\"noopener nofollow\"><i class=\"icon-twitter\" aria-hidden=\"true\"><\/i><\/a><a href=\"mailto:#\" data-label=\"E-mail\" target=\"_blank\" class=\"icon button circle is-outline tooltip email\" title=\"Send us an email\" aria-label=\"Send us an email\" rel=\"nofollow noopener\"><i class=\"icon-envelop\" aria-hidden=\"true\"><\/i><\/a><a href=\"#\" data-label=\"Pinterest\" target=\"_blank\" class=\"icon button circle is-outline tooltip pinterest\" title=\"Follow on Pinterest\" aria-label=\"Follow on Pinterest\" rel=\"noopener nofollow\"><i class=\"icon-pinterest\" aria-hidden=\"true\"><\/i><\/a><a href=\"#\" data-label=\"LinkedIn\" target=\"_blank\" class=\"icon button circle is-outline tooltip linkedin\" title=\"Follow on LinkedIn\" aria-label=\"Follow on LinkedIn\" rel=\"noopener nofollow\"><i class=\"icon-linkedin\" aria-hidden=\"true\"><\/i><\/a><\/div>\n<p>Lorem ipsum dolor sit amet, consectetuer adipiscing elit, sed diam nonummy.<\/p>\n                <\/div>\n          <\/div>\n    <\/div>\n\n\t\n    \n\t\t<\/div>\n\t\t\t\t\t<\/div>\n\n\t\n\n\t<div id=\"col-1370838388\" class=\"col medium-3 small-12 large-3\"  >\n\t\t\t\t<div class=\"col-inner\"  >\n\t\t\t\n\t\t\t\n    <div class=\"box has-hover has-hover box-text-bottom\" >\n\n                  <div class=\"box-image\" style=\"width:80%;\">\n           <div class=\"box-image-inner image-cover\" style=\"border-radius:100%;padding-top:100%;\">\n              <img decoding=\"async\" width=\"2500\" height=\"2500\" src=\"https:\/\/anphutaynguyen.online\/wp-content\/uploads\/2026\/04\/pngtree-cartoon-user-avatar-vector-png-image_17295195.png\" class=\"attachment- size-\" alt=\"\" srcset=\"https:\/\/anphutaynguyen.online\/wp-content\/uploads\/2026\/04\/pngtree-cartoon-user-avatar-vector-png-image_17295195.png 2500w, https:\/\/anphutaynguyen.online\/wp-content\/uploads\/2026\/04\/pngtree-cartoon-user-avatar-vector-png-image_17295195-400x400.png 400w, https:\/\/anphutaynguyen.online\/wp-content\/uploads\/2026\/04\/pngtree-cartoon-user-avatar-vector-png-image_17295195-800x800.png 800w, https:\/\/anphutaynguyen.online\/wp-content\/uploads\/2026\/04\/pngtree-cartoon-user-avatar-vector-png-image_17295195-280x280.png 280w, https:\/\/anphutaynguyen.online\/wp-content\/uploads\/2026\/04\/pngtree-cartoon-user-avatar-vector-png-image_17295195-768x768.png 768w, https:\/\/anphutaynguyen.online\/wp-content\/uploads\/2026\/04\/pngtree-cartoon-user-avatar-vector-png-image_17295195-1536x1536.png 1536w, https:\/\/anphutaynguyen.online\/wp-content\/uploads\/2026\/04\/pngtree-cartoon-user-avatar-vector-png-image_17295195-2048x2048.png 2048w, https:\/\/anphutaynguyen.online\/wp-content\/uploads\/2026\/04\/pngtree-cartoon-user-avatar-vector-png-image_17295195-12x12.png 12w, https:\/\/anphutaynguyen.online\/wp-content\/uploads\/2026\/04\/pngtree-cartoon-user-avatar-vector-png-image_17295195-510x510.png 510w, https:\/\/anphutaynguyen.online\/wp-content\/uploads\/2026\/04\/pngtree-cartoon-user-avatar-vector-png-image_17295195-100x100.png 100w\" sizes=\"(max-width: 2500px) 100vw, 2500px\" \/>                         <\/div>\n          <\/div>\n         \n          <div class=\"box-text text-center\" >\n                <div class=\"box-text-inner\">\n                  <h4 class=\"uppercase\">\n                    <span class=\"person-name\">Nguy\u1ec5n V\u0103n A<\/span><br\/>\n                    <span class=\"person-title is-small thin-font op-7\">\n                      Public Relations                    <\/span>\n                  <\/h4>\n\t\t\t\t\t<div class=\"social-icons follow-icons\" ><a href=\"#\" target=\"_blank\" data-label=\"Facebook\" class=\"icon button circle is-outline tooltip facebook\" title=\"Follow on Facebook\" aria-label=\"Follow on Facebook\" rel=\"noopener nofollow\"><i class=\"icon-facebook\" aria-hidden=\"true\"><\/i><\/a><a href=\"#\" data-label=\"Twitter\" target=\"_blank\" class=\"icon button circle is-outline tooltip twitter\" title=\"Follow on Twitter\" aria-label=\"Follow on Twitter\" rel=\"noopener nofollow\"><i class=\"icon-twitter\" aria-hidden=\"true\"><\/i><\/a><a href=\"mailto:#\" data-label=\"E-mail\" target=\"_blank\" class=\"icon button circle is-outline tooltip email\" title=\"Send us an email\" aria-label=\"Send us an email\" rel=\"nofollow noopener\"><i class=\"icon-envelop\" aria-hidden=\"true\"><\/i><\/a><a href=\"#\" data-label=\"Pinterest\" target=\"_blank\" class=\"icon button circle is-outline tooltip pinterest\" title=\"Follow on Pinterest\" aria-label=\"Follow on Pinterest\" rel=\"noopener nofollow\"><i class=\"icon-pinterest\" aria-hidden=\"true\"><\/i><\/a><a href=\"#\" data-label=\"LinkedIn\" target=\"_blank\" class=\"icon button circle is-outline tooltip linkedin\" title=\"Follow on LinkedIn\" aria-label=\"Follow on LinkedIn\" rel=\"noopener nofollow\"><i class=\"icon-linkedin\" aria-hidden=\"true\"><\/i><\/a><\/div>\n<p>Lorem ipsum dolor sit amet, consectetuer adipiscing elit, sed diam nonummy.<\/p>\n                <\/div>\n          <\/div>\n    <\/div>\n\n\t\n    \n\t\t<\/div>\n\t\t\t\t\t<\/div>\n\n\t\n\n\t<div id=\"col-792708046\" class=\"col medium-3 small-12 large-3\"  >\n\t\t\t\t<div class=\"col-inner\"  >\n\t\t\t\n\t\t\t\n    <div class=\"box has-hover has-hover box-text-bottom\" >\n\n                  <div class=\"box-image\" style=\"width:80%;\">\n           <div class=\"box-image-inner image-cover\" style=\"border-radius:100%;padding-top:100%;\">\n              <img decoding=\"async\" width=\"740\" height=\"1003\" src=\"https:\/\/anphutaynguyen.online\/wp-content\/uploads\/2026\/04\/woman-with-braided-hair-illustration_1308-174675.avif\" class=\"attachment- size-\" alt=\"\" \/>                         <\/div>\n          <\/div>\n         \n          <div class=\"box-text text-center\" >\n                <div class=\"box-text-inner\">\n                  <h4 class=\"uppercase\">\n                    <span class=\"person-name\">Ng\u00f4 Th\u1ecb D<\/span><br\/>\n                    <span class=\"person-title is-small thin-font op-7\">\n                      Customer Support                    <\/span>\n                  <\/h4>\n\t\t\t\t\t<div class=\"social-icons follow-icons\" ><a href=\"#\" target=\"_blank\" data-label=\"Facebook\" class=\"icon button circle is-outline tooltip facebook\" title=\"Follow on Facebook\" aria-label=\"Follow on Facebook\" rel=\"noopener nofollow\"><i class=\"icon-facebook\" aria-hidden=\"true\"><\/i><\/a><a href=\"#\" data-label=\"Twitter\" target=\"_blank\" class=\"icon button circle is-outline tooltip twitter\" title=\"Follow on Twitter\" aria-label=\"Follow on Twitter\" rel=\"noopener nofollow\"><i class=\"icon-twitter\" aria-hidden=\"true\"><\/i><\/a><a href=\"mailto:#\" data-label=\"E-mail\" target=\"_blank\" class=\"icon button circle is-outline tooltip email\" title=\"Send us an email\" aria-label=\"Send us an email\" rel=\"nofollow noopener\"><i class=\"icon-envelop\" aria-hidden=\"true\"><\/i><\/a><a href=\"#\" data-label=\"Pinterest\" target=\"_blank\" class=\"icon button circle is-outline tooltip pinterest\" title=\"Follow on Pinterest\" aria-label=\"Follow on Pinterest\" rel=\"noopener nofollow\"><i class=\"icon-pinterest\" aria-hidden=\"true\"><\/i><\/a><a href=\"#\" data-label=\"LinkedIn\" target=\"_blank\" class=\"icon button circle is-outline tooltip linkedin\" title=\"Follow on LinkedIn\" aria-label=\"Follow on LinkedIn\" rel=\"noopener nofollow\"><i class=\"icon-linkedin\" aria-hidden=\"true\"><\/i><\/a><\/div>\n<p>Lorem ipsum dolor sit amet, consectetuer adipiscing elit, sed diam nonummy.<\/p>\n                <\/div>\n          <\/div>\n    <\/div>\n\n\t\n    \n\t\t<\/div>\n\t\t\t\t\t<\/div>\n\n\t\n<\/div>\n\t\t<\/div>\n\n\t\t\n<style>\n#section_34010953 {\n  padding-top: 30px;\n  padding-bottom: 30px;\n}\n<\/style>\n\t<\/section>","protected":false},"excerpt":{"rendered":"","protected":false},"author":1,"featured_media":14,"parent":41,"menu_order":0,"comment_status":"closed","ping_status":"closed","template":"page-transparent-header-light.php","meta":{"footnotes":""},"class_list":["post-84","page","type-page","status-publish","has-post-thumbnail","hentry"],"jetpack_sharing_enabled":true,"_links":{"self":[{"href":"https:\/\/anphutaynguyen.online\/en\/wp-json\/wp\/v2\/pages\/84","targetHints":{"allow":["GET"]}}],"collection":[{"href":"https:\/\/anphutaynguyen.online\/en\/wp-json\/wp\/v2\/pages"}],"about":[{"href":"https:\/\/anphutaynguyen.online\/en\/wp-json\/wp\/v2\/types\/page"}],"author":[{"embeddable":true,"href":"https:\/\/anphutaynguyen.online\/en\/wp-json\/wp\/v2\/users\/1"}],"replies":[{"embeddable":true,"href":"https:\/\/anphutaynguyen.online\/en\/wp-json\/wp\/v2\/comments?post=84"}],"version-history":[{"count":9,"href":"https:\/\/anphutaynguyen.online\/en\/wp-json\/wp\/v2\/pages\/84\/revisions"}],"predecessor-version":[{"id":645,"href":"https:\/\/anphutaynguyen.online\/en\/wp-json\/wp\/v2\/pages\/84\/revisions\/645"}],"up":[{"embeddable":true,"href":"https:\/\/anphutaynguyen.online\/en\/wp-json\/wp\/v2\/pages\/41"}],"wp:featuredmedia":[{"embeddable":true,"href":"https:\/\/anphutaynguyen.online\/en\/wp-json\/wp\/v2\/media\/14"}],"wp:attachment":[{"href":"https:\/\/anphutaynguyen.online\/en\/wp-json\/wp\/v2\/media?parent=84"}],"curies":[{"name":"wp","href":"https:\/\/api.w.org\/{rel}","templated":true}]}}